{"id":2134,"date":"2025-09-21T18:07:24","date_gmt":"2025-09-21T18:07:24","guid":{"rendered":"https:\/\/controllas-cavegn.ch\/?page_id=2134"},"modified":"2025-09-22T16:57:34","modified_gmt":"2025-09-22T16:57:34","slug":"2134-2","status":"publish","type":"page","link":"https:\/\/controllas-cavegn.ch\/?page_id=2134","title":{"rendered":"Elektrokontrolle anmelden"},"content":{"rendered":"<div  class='flex_column av-afzli-8550610df1a4185a9d8c1e0a77e91b7c av_one_full  avia-builder-el-0  el_before_av_one_full  avia-builder-el-first  first flex_column_div  '     ><p>\n<style type=\"text\/css\" data-created_by=\"avia_inline_auto\" id=\"style-css-av-mfu0f8n2-7259c201c0b5cf2dac9e4757fcc1a7e3\">\n#top .av-special-heading.av-mfu0f8n2-7259c201c0b5cf2dac9e4757fcc1a7e3{\npadding-bottom:10px;\n}\nbody .av-special-heading.av-mfu0f8n2-7259c201c0b5cf2dac9e4757fcc1a7e3 .av-special-heading-tag .heading-char{\nfont-size:25px;\n}\n.av-special-heading.av-mfu0f8n2-7259c201c0b5cf2dac9e4757fcc1a7e3 .av-subheading{\nfont-size:15px;\n}\n<\/style>\n<div  class='av-special-heading av-mfu0f8n2-7259c201c0b5cf2dac9e4757fcc1a7e3 av-special-heading-h3 blockquote modern-quote  avia-builder-el-1  el_before_av_hr  avia-builder-el-first '><h3 class='av-special-heading-tag '  itemprop=\"headline\"  >Elektrokontrolle anmelden<\/h3><div class='av-subheading av-subheading_below'><p>Schnell, zuverl\u00e4ssig und ohne Umwege: Melden Sie Ihre Elektrokontrolle bequem online an. Egal ob Wohnung, Haus oder Gewerbe \u2013 wir sorgen daf\u00fcr, dass Ihre Installation gepr\u00fcft und rechtssicher dokumentiert wird. Einfach Formular ausf\u00fcllen, Termin vereinbaren und den Rest \u00fcbernehmen wir.<\/p>\n<\/div><div class=\"special-heading-border\"><div class=\"special-heading-inner-border\"><\/div><\/div><\/div><br \/>\n<div  class='hr av-2iosie-012f58cb61a361b3664b4a99f32fc830 hr-default  avia-builder-el-2  el_after_av_heading  el_before_av_codeblock '><span class='hr-inner '><span class=\"hr-inner-style\"><\/span><\/span><\/div><br \/>\n<\/p><\/div>\n<div  class='flex_column av-1ud8g6-42d78138fbd50e8140a87923ea3e2d18 av_one_full  avia-builder-el-4  el_after_av_one_full  avia-builder-el-last  first flex_column_div  column-top-margin'     ><section  class='av_textblock_section av-mfu0jj1o-089e0859f9f2e46d0119196edf1a3f95 '   itemscope=\"itemscope\" itemtype=\"https:\/\/schema.org\/CreativeWork\" ><div class='avia_textblock'  itemprop=\"text\" ><p data-start=\"514\" data-end=\"774\">Eine fachgerechte Elektrokontrolle sch\u00fctzt nicht nur Ihr Zuhause und Ihre Mitarbeitenden, sondern ist auch gesetzlich vorgeschrieben. Mit einer rechtzeitig durchgef\u00fchrten Kontrolle vermeiden Sie Risiken, Folgesch\u00e4den und m\u00f6gliche Kosten durch Beanstandungen.<\/p>\n<p data-start=\"776\" data-end=\"1106\">Unsere gepr\u00fcften Fachleute \u00fcberpr\u00fcfen Ihre elektrischen Anlagen nach den aktuellen Vorschriften, dokumentieren die Ergebnisse sauber und geben Ihnen bei Bedarf konkrete Empfehlungen. So k\u00f6nnen Sie sicher sein, dass Ihre Installation allen Anforderungen entspricht \u2013 transparent, professionell und ohne unn\u00f6tigen Aufwand f\u00fcr Sie.<\/p>\n<\/div><\/section><\/div>\n","protected":false},"excerpt":{"rendered":"","protected":false},"author":1,"featured_media":0,"parent":0,"menu_order":0,"comment_status":"closed","ping_status":"closed","template":"","meta":{"footnotes":""},"class_list":["post-2134","page","type-page","status-publish","hentry"],"_links":{"self":[{"href":"https:\/\/controllas-cavegn.ch\/index.php?rest_route=\/wp\/v2\/pages\/2134","targetHints":{"allow":["GET"]}}],"collection":[{"href":"https:\/\/controllas-cavegn.ch\/index.php?rest_route=\/wp\/v2\/pages"}],"about":[{"href":"https:\/\/controllas-cavegn.ch\/index.php?rest_route=\/wp\/v2\/types\/page"}],"author":[{"embeddable":true,"href":"https:\/\/controllas-cavegn.ch\/index.php?rest_route=\/wp\/v2\/users\/1"}],"replies":[{"embeddable":true,"href":"https:\/\/controllas-cavegn.ch\/index.php?rest_route=%2Fwp%2Fv2%2Fcomments&post=2134"}],"version-history":[{"count":11,"href":"https:\/\/controllas-cavegn.ch\/index.php?rest_route=\/wp\/v2\/pages\/2134\/revisions"}],"predecessor-version":[{"id":2297,"href":"https:\/\/controllas-cavegn.ch\/index.php?rest_route=\/wp\/v2\/pages\/2134\/revisions\/2297"}],"wp:attachment":[{"href":"https:\/\/controllas-cavegn.ch\/index.php?rest_route=%2Fwp%2Fv2%2Fmedia&parent=2134"}],"curies":[{"name":"wp","href":"https:\/\/api.w.org\/{rel}","templated":true}]}}