{"id":2150,"date":"2025-09-21T18:25:22","date_gmt":"2025-09-21T18:25:22","guid":{"rendered":"https:\/\/controllas-cavegn.ch\/?page_id=2150"},"modified":"2026-01-15T07:06:33","modified_gmt":"2026-01-15T07:06:33","slug":"ueber-uns","status":"publish","type":"page","link":"https:\/\/controllas-cavegn.ch\/?page_id=2150","title":{"rendered":"\u00dcber uns"},"content":{"rendered":"<div  class='flex_column av-2d88wm-4892c5a07ae5ede62626b4c45cda015e av_one_full  avia-builder-el-0  avia-builder-el-no-sibling  first flex_column_div  '     ><p>\n<style type=\"text\/css\" data-created_by=\"avia_inline_auto\" id=\"style-css-av-mfu11ybk-fea00d7211157adf4994157bb4ded144\">\n#top .av-special-heading.av-mfu11ybk-fea00d7211157adf4994157bb4ded144{\npadding-bottom:10px;\n}\nbody .av-special-heading.av-mfu11ybk-fea00d7211157adf4994157bb4ded144 .av-special-heading-tag .heading-char{\nfont-size:25px;\n}\n.av-special-heading.av-mfu11ybk-fea00d7211157adf4994157bb4ded144 .av-subheading{\nfont-size:15px;\n}\n<\/style>\n<div  class='av-special-heading av-mfu11ybk-fea00d7211157adf4994157bb4ded144 av-special-heading-h2 blockquote modern-quote  avia-builder-el-1  el_before_av_hr  avia-builder-el-first '><h2 class='av-special-heading-tag '  itemprop=\"headline\"  >\u00dcber mich<\/h2><div class='av-subheading av-subheading_below'><p>Ich bin Sandro Cavegn \u2013 leidenschaftlicher Elektrofachmann mit Herz f\u00fcr Technik, Pr\u00e4zision und smarte L\u00f6sungen.<\/p>\n<\/div><div class=\"special-heading-border\"><div class=\"special-heading-inner-border\"><\/div><\/div><\/div><br \/>\n<div  class='hr av-2m7w52-da1fb4e979b38de02a238941e5eda6bf hr-default  avia-builder-el-2  el_after_av_heading  el_before_av_textblock '><span class='hr-inner '><span class=\"hr-inner-style\"><\/span><\/span><\/div><br \/>\n<section  class='av_textblock_section av-mfu12al2-a19bd60c5ced09b74def7f31ab737b61 '   itemscope=\"itemscope\" itemtype=\"https:\/\/schema.org\/CreativeWork\" ><div class='avia_textblock'  itemprop=\"text\" ><h3 data-start=\"285\" data-end=\"305\">Mein Werdegang<\/h3>\n<ul data-start=\"306\" data-end=\"1131\">\n<li data-start=\"306\" data-end=\"481\">\n<p data-start=\"308\" data-end=\"481\"><strong data-start=\"308\" data-end=\"324\">2014 \u2013 2018:<\/strong> Lehre als <strong data-start=\"335\" data-end=\"362\">Elektroinstallateur EFZ<\/strong> bei <em data-start=\"367\" data-end=\"390\">Elektro Alpiq Brigels<\/em>. Hier habe ich das Fundament gelegt \u2013 saubere Arbeit, Fachwissen und Freude am Handwerk.<\/p>\n<\/li>\n<li data-start=\"482\" data-end=\"885\">\n<p data-start=\"484\" data-end=\"652\"><strong data-start=\"484\" data-end=\"500\">2019 \u2013 2023:<\/strong> <strong data-start=\"501\" data-end=\"544\">Bauleitender Monteur bei Bouygues, Chur<\/strong>. In dieser Zeit durfte ich spannende Projekte im Bereich Medizin, Industrie und Ladenbau umsetzen, u. a.:<\/p>\n<ul data-start=\"306\" data-end=\"1131\">\n<li data-start=\"482\" data-end=\"885\">\n<p data-start=\"484\" data-end=\"652\">KSGR Chur (Medizinbereich)<\/p>\n<\/li>\n<li data-start=\"655\" data-end=\"685\">\n<p data-start=\"657\" data-end=\"685\">Hilti Schaan (B\u00fcro\/Industrie)<\/p>\n<\/li>\n<li data-start=\"724\" data-end=\"763\">\n<p data-start=\"726\" data-end=\"763\">Aldi Schweiz (Umbauten im Ladenbau)<\/p>\n<\/li>\n<li data-start=\"766\" data-end=\"795\">\n<p data-start=\"768\" data-end=\"795\">RhB Landquart (Industrie)<\/p>\n<\/li>\n<li data-start=\"798\" data-end=\"827\">\n<p data-start=\"800\" data-end=\"827\">Gritec Gr\u00fcsch (Industrie)<\/p>\n<\/li>\n<li data-start=\"830\" data-end=\"885\">\n<p data-start=\"832\" data-end=\"885\">Wohn- und Mehrfamilienh\u00e4user (klassischer H\u00fcslibau)<\/p>\n<\/li>\n<\/ul>\n<\/li>\n<li data-start=\"886\" data-end=\"1131\">\n<p data-start=\"888\" data-end=\"1131\"><strong data-start=\"888\" data-end=\"904\">2023 \u2013 2024:<\/strong> <strong data-start=\"905\" data-end=\"972\">Sicherheitsberater Elektro S\u00fcdostschweiz bei Equans Switzerland<\/strong> sowie <strong data-start=\"979\" data-end=\"996\">Berufsbildner<\/strong> f\u00fcr Lernende. Parallel dazu habe ich erfolgreich die Pr\u00fcfung zum <strong data-start=\"1062\" data-end=\"1114\">Elektroprojektleiter Installation und Sicherheit<\/strong> abgeschlossen.<\/p>\n<\/li>\n<\/ul>\n<h3 data-start=\"1133\" data-end=\"1144\">Heute<\/h3>\n<ul data-start=\"1145\" data-end=\"1350\">\n<li data-start=\"1145\" data-end=\"1241\">\n<p data-start=\"1147\" data-end=\"1241\">Seit <strong data-start=\"1152\" data-end=\"1160\">2025<\/strong> bin ich Gr\u00fcnder und Teilhaber der <strong data-start=\"1195\" data-end=\"1221\">Controllas Cavegn GmbH<\/p>\n<p><\/strong><\/p>\n<\/li>\n<\/ul>\n<h3 data-start=\"1352\" data-end=\"1375\">Was mich ausmacht<\/h3>\n<p data-start=\"1376\" data-end=\"1687\">Jung, motiviert und mit klarer Vision: Ich verbinde praxisnahe Erfahrung aus Bauleitung und Industrieprojekten mit fundiertem Fachwissen in Sicherheit und Projektleitung. Gleichzeitig gebe ich mein Wissen mit Begeisterung an die n\u00e4chste Generation weiter \u2013 weil Elektrotechnik mehr ist als nur Kabel verlegen.<\/p>\n<p><img loading=\"lazy\" decoding=\"async\" class=\"wp-image-2332 aligncenter\" src=\"https:\/\/controllas-cavegn.ch\/wp-content\/uploads\/2026\/01\/DSC04984-300x225.jpg\" alt=\"\" width=\"399\" height=\"299\" srcset=\"https:\/\/controllas-cavegn.ch\/wp-content\/uploads\/2026\/01\/DSC04984-300x225.jpg 300w, https:\/\/controllas-cavegn.ch\/wp-content\/uploads\/2026\/01\/DSC04984-1030x773.jpg 1030w, https:\/\/controllas-cavegn.ch\/wp-content\/uploads\/2026\/01\/DSC04984-768x576.jpg 768w, https:\/\/controllas-cavegn.ch\/wp-content\/uploads\/2026\/01\/DSC04984-1536x1152.jpg 1536w, https:\/\/controllas-cavegn.ch\/wp-content\/uploads\/2026\/01\/DSC04984-2048x1536.jpg 2048w, https:\/\/controllas-cavegn.ch\/wp-content\/uploads\/2026\/01\/DSC04984-1500x1125.jpg 1500w, https:\/\/controllas-cavegn.ch\/wp-content\/uploads\/2026\/01\/DSC04984-705x529.jpg 705w\" sizes=\"auto, (max-width: 399px) 100vw, 399px\" \/><\/p>\n<\/div><\/section><\/p><\/div>\n","protected":false},"excerpt":{"rendered":"","protected":false},"author":1,"featured_media":0,"parent":0,"menu_order":0,"comment_status":"closed","ping_status":"closed","template":"","meta":{"footnotes":""},"class_list":["post-2150","page","type-page","status-publish","hentry"],"_links":{"self":[{"href":"https:\/\/controllas-cavegn.ch\/index.php?rest_route=\/wp\/v2\/pages\/2150","targetHints":{"allow":["GET"]}}],"collection":[{"href":"https:\/\/controllas-cavegn.ch\/index.php?rest_route=\/wp\/v2\/pages"}],"about":[{"href":"https:\/\/controllas-cavegn.ch\/index.php?rest_route=\/wp\/v2\/types\/page"}],"author":[{"embeddable":true,"href":"https:\/\/controllas-cavegn.ch\/index.php?rest_route=\/wp\/v2\/users\/1"}],"replies":[{"embeddable":true,"href":"https:\/\/controllas-cavegn.ch\/index.php?rest_route=%2Fwp%2Fv2%2Fcomments&post=2150"}],"version-history":[{"count":9,"href":"https:\/\/controllas-cavegn.ch\/index.php?rest_route=\/wp\/v2\/pages\/2150\/revisions"}],"predecessor-version":[{"id":2340,"href":"https:\/\/controllas-cavegn.ch\/index.php?rest_route=\/wp\/v2\/pages\/2150\/revisions\/2340"}],"wp:attachment":[{"href":"https:\/\/controllas-cavegn.ch\/index.php?rest_route=%2Fwp%2Fv2%2Fmedia&parent=2150"}],"curies":[{"name":"wp","href":"https:\/\/api.w.org\/{rel}","templated":true}]}}