{"id":2154,"date":"2025-09-21T18:29:43","date_gmt":"2025-09-21T18:29:43","guid":{"rendered":"https:\/\/controllas-cavegn.ch\/?page_id=2154"},"modified":"2025-11-18T08:33:57","modified_gmt":"2025-11-18T08:33:57","slug":"kontakt","status":"publish","type":"page","link":"https:\/\/controllas-cavegn.ch\/?page_id=2154","title":{"rendered":"Kontakt"},"content":{"rendered":"<div  class='flex_column av-2awnne-83e8af2498a2d34d46898a4065304d9d av_one_full  avia-builder-el-0  avia-builder-el-no-sibling  first flex_column_div  '     ><p>\n<style type=\"text\/css\" data-created_by=\"avia_inline_auto\" id=\"style-css-av-mfu17hem-acc8efcf266c1ee25a0e93a193c18e40\">\n#top .av-special-heading.av-mfu17hem-acc8efcf266c1ee25a0e93a193c18e40{\npadding-bottom:10px;\n}\nbody .av-special-heading.av-mfu17hem-acc8efcf266c1ee25a0e93a193c18e40 .av-special-heading-tag .heading-char{\nfont-size:25px;\n}\n.av-special-heading.av-mfu17hem-acc8efcf266c1ee25a0e93a193c18e40 .av-subheading{\nfont-size:15px;\n}\n<\/style>\n<div  class='av-special-heading av-mfu17hem-acc8efcf266c1ee25a0e93a193c18e40 av-special-heading-h3  avia-builder-el-1  el_before_av_textblock  avia-builder-el-first '><h3 class='av-special-heading-tag '  itemprop=\"headline\"  >Nehmen Sie Kontakt auf<\/h3><div class=\"special-heading-border\"><div class=\"special-heading-inner-border\"><\/div><\/div><\/div><br \/>\n<section  class='av_textblock_section av-mfu17s3s-7ff422f150e3511d3a2d9d0629d048ed '   itemscope=\"itemscope\" itemtype=\"https:\/\/schema.org\/CreativeWork\" ><div class='avia_textblock'  itemprop=\"text\" ><p data-start=\"181\" data-end=\"342\">Haben Sie Fragen, w\u00fcnschen eine Beratung oder m\u00f6chten direkt eine Elektrokontrolle anmelden? Schreiben Sie uns \u2013 wir melden uns schnell und zuverl\u00e4ssig zur\u00fcck.<\/p>\n<blockquote>\n<p data-start=\"344\" data-end=\"606\"><a href=\"https:\/\/controllas-cavegn.ch\/?page_id=2134\">F\u00fcr <strong data-start=\"348\" data-end=\"417\">direkte Anfragen zu einer Elektrokontrolle mit Terminvereinbarung<\/strong> klicken sie <strong>hier.<\/strong><\/a><\/p>\n<\/blockquote>\n<p data-start=\"608\" data-end=\"900\">Ob es um eine konkrete Kontrolle, ein individuelles Vorhaben oder allgemeine Ausk\u00fcnfte geht: wir nehmen uns Zeit f\u00fcr Ihr Anliegen. F\u00fcllen Sie einfach das Formular aus und geben Sie uns die wichtigsten Eckdaten mit \u2013 so k\u00f6nnen wir Ihre Anfrage gezielt bearbeiten und uns optimal vorbereiten.<\/p>\n<p data-start=\"902\" data-end=\"1020\">Wir freuen uns, von Ihnen zu h\u00f6ren und stehen Ihnen mit Erfahrung, Fachwissen und pers\u00f6nlichem Engagement zur Seite.<\/p>\n<\/div><\/section><br \/>\n<div  class='hr av-4l7u16-e5e20b3aaf46c45fc2d274cb6ea5d97e hr-default  avia-builder-el-3  el_after_av_textblock  el_before_av_codeblock '><span class='hr-inner '><span class=\"hr-inner-style\"><\/span><\/span><\/div><br \/>\n<br \/>\n<div  class='hr av-1urdq2-38cff332228895738519518c8729755e hr-default  avia-builder-el-5  el_after_av_codeblock  el_before_av_textblock '><span class='hr-inner '><span class=\"hr-inner-style\"><\/span><\/span><\/div><br \/>\n<section  class='av_textblock_section av-mfu1apga-a691ec5b0abb6f5df698f23701e9f652 '   itemscope=\"itemscope\" itemtype=\"https:\/\/schema.org\/CreativeWork\" ><div class='avia_textblock'  itemprop=\"text\" ><p><strong>Controllas Cavegn Gmbh<\/strong><br \/>\nPrioritad-Segirtad<br \/>\n<strong>M<\/strong>.+41 79 920 27 67<br \/>\n<strong>E.<\/strong> info(at)controllas-cavegn.ch<\/p>\n<p>Sandro Cavegn<br \/>\nElektrokontrollen<br \/>\nParadiesgasse 20<br \/>\n7000 Chur<\/p>\n<\/div><\/section><\/p><\/div>\n","protected":false},"excerpt":{"rendered":"","protected":false},"author":1,"featured_media":0,"parent":0,"menu_order":0,"comment_status":"closed","ping_status":"closed","template":"","meta":{"footnotes":""},"class_list":["post-2154","page","type-page","status-publish","hentry"],"_links":{"self":[{"href":"https:\/\/controllas-cavegn.ch\/index.php?rest_route=\/wp\/v2\/pages\/2154","targetHints":{"allow":["GET"]}}],"collection":[{"href":"https:\/\/controllas-cavegn.ch\/index.php?rest_route=\/wp\/v2\/pages"}],"about":[{"href":"https:\/\/controllas-cavegn.ch\/index.php?rest_route=\/wp\/v2\/types\/page"}],"author":[{"embeddable":true,"href":"https:\/\/controllas-cavegn.ch\/index.php?rest_route=\/wp\/v2\/users\/1"}],"replies":[{"embeddable":true,"href":"https:\/\/controllas-cavegn.ch\/index.php?rest_route=%2Fwp%2Fv2%2Fcomments&post=2154"}],"version-history":[{"count":10,"href":"https:\/\/controllas-cavegn.ch\/index.php?rest_route=\/wp\/v2\/pages\/2154\/revisions"}],"predecessor-version":[{"id":2320,"href":"https:\/\/controllas-cavegn.ch\/index.php?rest_route=\/wp\/v2\/pages\/2154\/revisions\/2320"}],"wp:attachment":[{"href":"https:\/\/controllas-cavegn.ch\/index.php?rest_route=%2Fwp%2Fv2%2Fmedia&parent=2154"}],"curies":[{"name":"wp","href":"https:\/\/api.w.org\/{rel}","templated":true}]}}