{"id":2171,"date":"2025-09-21T19:14:18","date_gmt":"2025-09-21T19:14:18","guid":{"rendered":"https:\/\/controllas-cavegn.ch\/?page_id=2171"},"modified":"2025-09-21T19:20:07","modified_gmt":"2025-09-21T19:20:07","slug":"ablauf-vorgehen","status":"publish","type":"page","link":"https:\/\/controllas-cavegn.ch\/?page_id=2171","title":{"rendered":"Ablauf\/ Vorgehen"},"content":{"rendered":"<div  class='flex_column av-4bhtqj-484b15aace2422ec795bf87c0c8820f5 av_one_full  avia-builder-el-0  avia-builder-el-no-sibling  first flex_column_div  '     ><p>\n<style type=\"text\/css\" data-created_by=\"avia_inline_auto\" id=\"style-css-av-mfu2s49v-22047c11f6527def1d32695e01029d6e\">\n#top .av-special-heading.av-mfu2s49v-22047c11f6527def1d32695e01029d6e{\npadding-bottom:10px;\n}\nbody .av-special-heading.av-mfu2s49v-22047c11f6527def1d32695e01029d6e .av-special-heading-tag .heading-char{\nfont-size:25px;\n}\n.av-special-heading.av-mfu2s49v-22047c11f6527def1d32695e01029d6e .av-subheading{\nfont-size:15px;\n}\n<\/style>\n<div  class='av-special-heading av-mfu2s49v-22047c11f6527def1d32695e01029d6e av-special-heading-h2 blockquote modern-quote  avia-builder-el-1  el_before_av_textblock  avia-builder-el-first '><h2 class='av-special-heading-tag '  itemprop=\"headline\"  >Ablauf einer Elektrokontrolle<\/h2><div class='av-subheading av-subheading_below'><p>Wir begleiten Sie professionel&#8230;<\/p>\n<\/div><div class=\"special-heading-border\"><div class=\"special-heading-inner-border\"><\/div><\/div><\/div><br \/>\n<section  class='av_textblock_section av-mfu2w6gl-3a7c25a35ef5e1aa2ff900434c6cc6fc '   itemscope=\"itemscope\" itemtype=\"https:\/\/schema.org\/CreativeWork\" ><div class='avia_textblock'  itemprop=\"text\" ><p><strong>hr Netzbetreiber fordert Sie regelm\u00e4ssig zur Elektrokontrolle auf. Wir pr\u00fcfen dabei Steckdosen, Beleuchtung und fest installierte Ger\u00e4te, schalten den Strom kurz f\u00fcr Messungen ab und dokumentieren den Zustand Ihrer Anlage. Nach der Kontrolle erhalten Sie ein Pr\u00fcfprotokoll \u2013 klar, verst\u00e4ndlich und rechtskonform.<\/strong><\/p>\n<\/div><\/section><br \/>\n\n<style type=\"text\/css\" data-created_by=\"avia_inline_auto\" id=\"style-css-av-mfu2y4mo-db522c0a5829d9bbeb5ed7de29ef22a7\">\n#top .hr.hr-invisible.av-mfu2y4mo-db522c0a5829d9bbeb5ed7de29ef22a7{\nheight:20px;\n}\n<\/style>\n<div  class='hr av-mfu2y4mo-db522c0a5829d9bbeb5ed7de29ef22a7 hr-invisible  avia-builder-el-3  el_after_av_textblock  el_before_av_image '><span class='hr-inner '><span class=\"hr-inner-style\"><\/span><\/span><\/div><br \/>\n\n<style type=\"text\/css\" data-created_by=\"avia_inline_auto\" id=\"style-css-av-mfu2zjw5-c86e4dd81c5742010710a3283e71f717\">\n.avia-image-container.av-mfu2zjw5-c86e4dd81c5742010710a3283e71f717 img.avia_image{\nbox-shadow:none;\n}\n.avia-image-container.av-mfu2zjw5-c86e4dd81c5742010710a3283e71f717 .av-image-caption-overlay-center{\ncolor:#ffffff;\n}\n<\/style>\n<div  class='avia-image-container av-mfu2zjw5-c86e4dd81c5742010710a3283e71f717 av-styling-circle avia-align-center  avia-builder-el-4  el_after_av_hr  el_before_av_hr '   itemprop=\"image\" itemscope=\"itemscope\" itemtype=\"https:\/\/schema.org\/ImageObject\" ><div class=\"avia-image-container-inner\"><div class=\"avia-image-overlay-wrap\"><img decoding=\"async\" fetchpriority=\"high\" class='wp-image-2098 avia-img-lazy-loading-not-2098 avia_image ' src=\"https:\/\/controllas-cavegn.ch\/wp-content\/uploads\/2025\/09\/strom-sparen-300x198.jpg\" alt='' title='strom-sparen'  height=\"198\" width=\"300\"  itemprop=\"thumbnailUrl\" srcset=\"https:\/\/controllas-cavegn.ch\/wp-content\/uploads\/2025\/09\/strom-sparen-300x198.jpg 300w, https:\/\/controllas-cavegn.ch\/wp-content\/uploads\/2025\/09\/strom-sparen.jpg 600w\" sizes=\"(max-width: 300px) 100vw, 300px\" \/><\/div><\/div><\/div><br \/>\n\n<style type=\"text\/css\" data-created_by=\"avia_inline_auto\" id=\"style-css-av-av_hr-02349c1beab2949c090bc0e85b87d63d\">\n#top .hr.hr-invisible.av-av_hr-02349c1beab2949c090bc0e85b87d63d{\nheight:20px;\n}\n<\/style>\n<div  class='hr av-av_hr-02349c1beab2949c090bc0e85b87d63d hr-invisible  avia-builder-el-5  el_after_av_image  el_before_av_textblock '><span class='hr-inner '><span class=\"hr-inner-style\"><\/span><\/span><\/div><br \/>\n<section  class='av_textblock_section av-mfu2seun-30422d9912a6db37e8797eecd9023fc0 '   itemscope=\"itemscope\" itemtype=\"https:\/\/schema.org\/CreativeWork\" ><div class='avia_textblock'  itemprop=\"text\" ><p data-start=\"171\" data-end=\"506\"><strong data-start=\"171\" data-end=\"192\">Vor der Kontrolle<\/strong><br data-start=\"192\" data-end=\"195\" \/>Ihr Verteilnetzbetreiber informiert Sie schriftlich, wenn eine periodische Elektrokontrolle f\u00e4llig ist. Als Eigent\u00fcmer sind Sie verpflichtet, den Auftrag an ein unabh\u00e4ngiges Kontrollunternehmen zu vergeben. Damit stellen Sie sicher, dass Ihre Elektroinstallationen rechtzeitig gepr\u00fcft und dokumentiert werden.<\/p>\n<p data-start=\"508\" data-end=\"991\"><strong data-start=\"508\" data-end=\"533\">W\u00e4hrend der Kontrolle<\/strong><br data-start=\"533\" data-end=\"536\" \/>Zu Beginn erkl\u00e4rt Ihnen unser Mitarbeiter, welche Ger\u00e4te oder Anlagen w\u00e4hrend der Kontrolle beachtet werden m\u00fcssen \u2013 etwa Garagentore, K\u00fcchenger\u00e4te, Server, Alarmanlagen, Aufz\u00fcge oder Photovoltaikanlagen. Gemeinsam mit Ihnen machen wir einen Rundgang durch das Geb\u00e4ude und pr\u00fcfen dabei Steckdosen, Beleuchtungen und fest installierte Ger\u00e4te wie Herd oder Backofen. Zus\u00e4tzlich erfolgt eine Sichtpr\u00fcfung des allgemeinen Zustands der Elektroinstallationen.<\/p>\n<p data-start=\"993\" data-end=\"1390\">Steckbare Ger\u00e4te (z. B. Fernseher, Computer) geh\u00f6ren nicht zur Kontrolle. Bitte trennen Sie diese deshalb vorg\u00e4ngig vom Netz. F\u00fcr die Messungen wird der Strom f\u00fcr kurze Zeit (ca. 5\u201320 Minuten) abgeschaltet. In dieser Phase f\u00fchren wir unter anderem die Isolationsmessung sowie die \u00dcberpr\u00fcfung der Fehlerstromschutzschalter durch. Alle Sicherungsgruppen werden erfasst und sorgf\u00e4ltig dokumentiert.<\/p>\n<p data-start=\"1392\" data-end=\"1633\"><strong data-start=\"1392\" data-end=\"1414\">Nach der Kontrolle<\/strong><br data-start=\"1414\" data-end=\"1417\" \/>Sie erhalten von uns ein klares Pr\u00fcfprotokoll. Bei M\u00e4ngeln informieren wir Sie transparent und verst\u00e4ndlich \u00fcber die notwendigen Schritte, damit Ihre Installation wieder allen gesetzlichen Anforderungen entspricht.<\/p>\n<\/div><\/section><\/p><\/div>\n","protected":false},"excerpt":{"rendered":"","protected":false},"author":1,"featured_media":0,"parent":0,"menu_order":0,"comment_status":"closed","ping_status":"closed","template":"","meta":{"footnotes":""},"class_list":["post-2171","page","type-page","status-publish","hentry"],"_links":{"self":[{"href":"https:\/\/controllas-cavegn.ch\/index.php?rest_route=\/wp\/v2\/pages\/2171","targetHints":{"allow":["GET"]}}],"collection":[{"href":"https:\/\/controllas-cavegn.ch\/index.php?rest_route=\/wp\/v2\/pages"}],"about":[{"href":"https:\/\/controllas-cavegn.ch\/index.php?rest_route=\/wp\/v2\/types\/page"}],"author":[{"embeddable":true,"href":"https:\/\/controllas-cavegn.ch\/index.php?rest_route=\/wp\/v2\/users\/1"}],"replies":[{"embeddable":true,"href":"https:\/\/controllas-cavegn.ch\/index.php?rest_route=%2Fwp%2Fv2%2Fcomments&post=2171"}],"version-history":[{"count":7,"href":"https:\/\/controllas-cavegn.ch\/index.php?rest_route=\/wp\/v2\/pages\/2171\/revisions"}],"predecessor-version":[{"id":2181,"href":"https:\/\/controllas-cavegn.ch\/index.php?rest_route=\/wp\/v2\/pages\/2171\/revisions\/2181"}],"wp:attachment":[{"href":"https:\/\/controllas-cavegn.ch\/index.php?rest_route=%2Fwp%2Fv2%2Fmedia&parent=2171"}],"curies":[{"name":"wp","href":"https:\/\/api.w.org\/{rel}","templated":true}]}}