{"id":2189,"date":"2025-09-21T19:35:35","date_gmt":"2025-09-21T19:35:35","guid":{"rendered":"https:\/\/controllas-cavegn.ch\/?page_id=2189"},"modified":"2025-09-21T19:55:03","modified_gmt":"2025-09-21T19:55:03","slug":"arbeiten","status":"publish","type":"page","link":"https:\/\/controllas-cavegn.ch\/?page_id=2189","title":{"rendered":"Arbeiten"},"content":{"rendered":"<div  class='flex_column av-4fgcx9-d45a6ad48858bf1c197654a04edc1761 av_one_full  avia-builder-el-0  avia-builder-el-no-sibling  first flex_column_div  '     ><p>\n<style type=\"text\/css\" data-created_by=\"avia_inline_auto\" id=\"style-css-av-mfu3k72j-f94f38c3be36ab8a59b2eeb49d6801e5\">\n#top .av-special-heading.av-mfu3k72j-f94f38c3be36ab8a59b2eeb49d6801e5{\npadding-bottom:10px;\n}\nbody .av-special-heading.av-mfu3k72j-f94f38c3be36ab8a59b2eeb49d6801e5 .av-special-heading-tag .heading-char{\nfont-size:25px;\n}\n.av-special-heading.av-mfu3k72j-f94f38c3be36ab8a59b2eeb49d6801e5 .av-subheading{\nfont-size:15px;\n}\n<\/style>\n<div  class='av-special-heading av-mfu3k72j-f94f38c3be36ab8a59b2eeb49d6801e5 av-special-heading-h3  avia-builder-el-1  el_before_av_textblock  avia-builder-el-first '><h3 class='av-special-heading-tag '  itemprop=\"headline\"  >Meine Arbeiten<\/h3><div class=\"special-heading-border\"><div class=\"special-heading-inner-border\"><\/div><\/div><\/div><br \/>\n<section  class='av_textblock_section av-mfu44naz-b0ef9974ca37cf20d9b012f634b24aac '   itemscope=\"itemscope\" itemtype=\"https:\/\/schema.org\/CreativeWork\" ><div class='avia_textblock'  itemprop=\"text\" ><p data-start=\"174\" data-end=\"426\">Hier sehen Sie eine Auswahl an Projekten aus meiner t\u00e4glichen Arbeit. Von klassischen Hausinstallationen \u00fcber moderne Gewerbebauten bis hin zu komplexen Industrieanlagen \u2013 jede Installation wird pr\u00e4zise, sicher und nach aktuellen Standards umgesetzt.<\/p>\n<p data-start=\"428\" data-end=\"705\">Die Bilder zeigen unterschiedliche Phasen einer Elektroinstallation: von der sauberen Leitungsf\u00fchrung \u00fcber den Schaltschrankbau bis zur fertigen \u00dcbergabe. Mein Anspruch ist es, Technik und Handwerk so zu verbinden, dass funktionale, sichere und langlebige L\u00f6sungen entstehen.<\/p>\n<\/div><\/section><br \/>\n<div  class='hr av-av_hr-bca31578670ae9d408d6d6d291fc57a6 hr-default  avia-builder-el-3  el_after_av_textblock  el_before_av_gallery '><span class='hr-inner '><span class=\"hr-inner-style\"><\/span><\/span><\/div><br \/>\n\n<style type=\"text\/css\" data-created_by=\"avia_inline_auto\" id=\"style-css-av-mfu43feo-399dd62f7a59319c6f7dd9d85fb0a971\">\n#top .avia-gallery.av-mfu43feo-399dd62f7a59319c6f7dd9d85fb0a971 .avia-gallery-thumb a{\nwidth:25%;\n}\n<\/style>\n<div  class='avia-gallery av-mfu43feo-399dd62f7a59319c6f7dd9d85fb0a971 avia_animate_when_visible  avia-builder-el-4  el_after_av_hr  avia-builder-el-last  avia_lazyload avia-gallery-animate avia-gallery-1'  itemprop=\"image\" itemscope=\"itemscope\" itemtype=\"https:\/\/schema.org\/ImageObject\" ><meta itemprop=\"contentURL\" content=\"https:\/\/controllas-cavegn.ch\/?page_id=2189\"><div class='avia-gallery-thumb'><a href=\"https:\/\/controllas-cavegn.ch\/wp-content\/uploads\/2025\/09\/WhatsApp-Image-2025-09-21-at-21.45.43-1-773x1030.jpeg\" data-srcset=\"https:\/\/controllas-cavegn.ch\/wp-content\/uploads\/2025\/09\/WhatsApp-Image-2025-09-21-at-21.45.43-1-773x1030.jpeg 773w, https:\/\/controllas-cavegn.ch\/wp-content\/uploads\/2025\/09\/WhatsApp-Image-2025-09-21-at-21.45.43-1-225x300.jpeg 225w, https:\/\/controllas-cavegn.ch\/wp-content\/uploads\/2025\/09\/WhatsApp-Image-2025-09-21-at-21.45.43-1-768x1024.jpeg 768w, https:\/\/controllas-cavegn.ch\/wp-content\/uploads\/2025\/09\/WhatsApp-Image-2025-09-21-at-21.45.43-1-1152x1536.jpeg 1152w, https:\/\/controllas-cavegn.ch\/wp-content\/uploads\/2025\/09\/WhatsApp-Image-2025-09-21-at-21.45.43-1-1536x2048.jpeg 1536w, https:\/\/controllas-cavegn.ch\/wp-content\/uploads\/2025\/09\/WhatsApp-Image-2025-09-21-at-21.45.43-1-1125x1500.jpeg 1125w, https:\/\/controllas-cavegn.ch\/wp-content\/uploads\/2025\/09\/WhatsApp-Image-2025-09-21-at-21.45.43-1-529x705.jpeg 529w, https:\/\/controllas-cavegn.ch\/wp-content\/uploads\/2025\/09\/WhatsApp-Image-2025-09-21-at-21.45.43-1-scaled.jpeg 1920w\" data-sizes=\"(max-width: 773px) 100vw, 773px\" data-rel='gallery-1' data-prev-img='https:\/\/controllas-cavegn.ch\/wp-content\/uploads\/2025\/09\/WhatsApp-Image-2025-09-21-at-21.45.43-1-495x400.jpeg' class='first_thumb lightbox ' data-onclick='1' title='WhatsApp Image 2025-09-21 at 21.45.43 (1)'  itemprop=\"thumbnailUrl\"  ><img decoding=\"async\" fetchpriority=\"high\" class=\"wp-image-2194 avia-img-lazy-loading-not-2194\"   src=\"https:\/\/controllas-cavegn.ch\/wp-content\/uploads\/2025\/09\/WhatsApp-Image-2025-09-21-at-21.45.43-1-710x375.jpeg\" width=\"710\" height=\"375\"  title='WhatsApp Image 2025-09-21 at 21.45.43 (1)' alt='' \/><div class='big-prev-fake'><img decoding=\"async\" loading=\"lazy\" class=\"wp-image-2194 avia-img-lazy-loading-2194\"  width=\"495\" height=\"400\" src=\"https:\/\/controllas-cavegn.ch\/wp-content\/uploads\/2025\/09\/WhatsApp-Image-2025-09-21-at-21.45.43-1-495x400.jpeg\" title='WhatsApp Image 2025-09-21 at 21.45.43 (1)' alt='' srcset=\"https:\/\/controllas-cavegn.ch\/wp-content\/uploads\/2025\/09\/WhatsApp-Image-2025-09-21-at-21.45.43-1-495x400.jpeg 495w, https:\/\/controllas-cavegn.ch\/wp-content\/uploads\/2025\/09\/WhatsApp-Image-2025-09-21-at-21.45.43-1-845x684.jpeg 845w\" sizes=\"auto, (max-width: 495px) 100vw, 495px\" \/><\/div><\/a><a href=\"https:\/\/controllas-cavegn.ch\/wp-content\/uploads\/2025\/09\/WhatsApp-Image-2025-09-21-at-21.45.43-1030x773.jpeg\" data-srcset=\"https:\/\/controllas-cavegn.ch\/wp-content\/uploads\/2025\/09\/WhatsApp-Image-2025-09-21-at-21.45.43-1030x773.jpeg 1030w, https:\/\/controllas-cavegn.ch\/wp-content\/uploads\/2025\/09\/WhatsApp-Image-2025-09-21-at-21.45.43-300x225.jpeg 300w, https:\/\/controllas-cavegn.ch\/wp-content\/uploads\/2025\/09\/WhatsApp-Image-2025-09-21-at-21.45.43-768x576.jpeg 768w, https:\/\/controllas-cavegn.ch\/wp-content\/uploads\/2025\/09\/WhatsApp-Image-2025-09-21-at-21.45.43-1536x1152.jpeg 1536w, https:\/\/controllas-cavegn.ch\/wp-content\/uploads\/2025\/09\/WhatsApp-Image-2025-09-21-at-21.45.43-2048x1536.jpeg 2048w, https:\/\/controllas-cavegn.ch\/wp-content\/uploads\/2025\/09\/WhatsApp-Image-2025-09-21-at-21.45.43-1500x1125.jpeg 1500w, https:\/\/controllas-cavegn.ch\/wp-content\/uploads\/2025\/09\/WhatsApp-Image-2025-09-21-at-21.45.43-705x529.jpeg 705w\" data-sizes=\"(max-width: 1030px) 100vw, 1030px\" data-rel='gallery-1' data-prev-img='https:\/\/controllas-cavegn.ch\/wp-content\/uploads\/2025\/09\/WhatsApp-Image-2025-09-21-at-21.45.43-495x400.jpeg' class='lightbox ' data-onclick='2' title='WhatsApp Image 2025-09-21 at 21.45.43'  itemprop=\"thumbnailUrl\"  ><img decoding=\"async\" fetchpriority=\"high\" class=\"wp-image-2195 avia-img-lazy-loading-not-2195\"   src=\"https:\/\/controllas-cavegn.ch\/wp-content\/uploads\/2025\/09\/WhatsApp-Image-2025-09-21-at-21.45.43-710x375.jpeg\" width=\"710\" height=\"375\"  title='WhatsApp Image 2025-09-21 at 21.45.43' alt='' \/><div class='big-prev-fake'><img decoding=\"async\" loading=\"lazy\" class=\"wp-image-2195 avia-img-lazy-loading-2195\"  width=\"495\" height=\"400\" src=\"https:\/\/controllas-cavegn.ch\/wp-content\/uploads\/2025\/09\/WhatsApp-Image-2025-09-21-at-21.45.43-495x400.jpeg\" title='WhatsApp Image 2025-09-21 at 21.45.43' alt='' srcset=\"https:\/\/controllas-cavegn.ch\/wp-content\/uploads\/2025\/09\/WhatsApp-Image-2025-09-21-at-21.45.43-495x400.jpeg 495w, https:\/\/controllas-cavegn.ch\/wp-content\/uploads\/2025\/09\/WhatsApp-Image-2025-09-21-at-21.45.43-845x684.jpeg 845w\" sizes=\"auto, (max-width: 495px) 100vw, 495px\" \/><\/div><\/a><a href=\"https:\/\/controllas-cavegn.ch\/wp-content\/uploads\/2025\/09\/WhatsApp-Image-2025-09-21-at-21.45.44-1-1030x773.jpeg\" data-srcset=\"https:\/\/controllas-cavegn.ch\/wp-content\/uploads\/2025\/09\/WhatsApp-Image-2025-09-21-at-21.45.44-1-1030x773.jpeg 1030w, https:\/\/controllas-cavegn.ch\/wp-content\/uploads\/2025\/09\/WhatsApp-Image-2025-09-21-at-21.45.44-1-300x225.jpeg 300w, https:\/\/controllas-cavegn.ch\/wp-content\/uploads\/2025\/09\/WhatsApp-Image-2025-09-21-at-21.45.44-1-768x576.jpeg 768w, https:\/\/controllas-cavegn.ch\/wp-content\/uploads\/2025\/09\/WhatsApp-Image-2025-09-21-at-21.45.44-1-1536x1152.jpeg 1536w, https:\/\/controllas-cavegn.ch\/wp-content\/uploads\/2025\/09\/WhatsApp-Image-2025-09-21-at-21.45.44-1-2048x1536.jpeg 2048w, https:\/\/controllas-cavegn.ch\/wp-content\/uploads\/2025\/09\/WhatsApp-Image-2025-09-21-at-21.45.44-1-1500x1125.jpeg 1500w, https:\/\/controllas-cavegn.ch\/wp-content\/uploads\/2025\/09\/WhatsApp-Image-2025-09-21-at-21.45.44-1-705x529.jpeg 705w\" data-sizes=\"(max-width: 1030px) 100vw, 1030px\" data-rel='gallery-1' data-prev-img='https:\/\/controllas-cavegn.ch\/wp-content\/uploads\/2025\/09\/WhatsApp-Image-2025-09-21-at-21.45.44-1-495x400.jpeg' class='lightbox ' data-onclick='3' title='WhatsApp Image 2025-09-21 at 21.45.44 (1)'  itemprop=\"thumbnailUrl\"  ><img decoding=\"async\" fetchpriority=\"high\" class=\"wp-image-2196 avia-img-lazy-loading-not-2196\"   src=\"https:\/\/controllas-cavegn.ch\/wp-content\/uploads\/2025\/09\/WhatsApp-Image-2025-09-21-at-21.45.44-1-710x375.jpeg\" width=\"710\" height=\"375\"  title='WhatsApp Image 2025-09-21 at 21.45.44 (1)' alt='' \/><div class='big-prev-fake'><img decoding=\"async\" loading=\"lazy\" class=\"wp-image-2196 avia-img-lazy-loading-2196\"  width=\"495\" height=\"400\" src=\"https:\/\/controllas-cavegn.ch\/wp-content\/uploads\/2025\/09\/WhatsApp-Image-2025-09-21-at-21.45.44-1-495x400.jpeg\" title='WhatsApp Image 2025-09-21 at 21.45.44 (1)' alt='' srcset=\"https:\/\/controllas-cavegn.ch\/wp-content\/uploads\/2025\/09\/WhatsApp-Image-2025-09-21-at-21.45.44-1-495x400.jpeg 495w, https:\/\/controllas-cavegn.ch\/wp-content\/uploads\/2025\/09\/WhatsApp-Image-2025-09-21-at-21.45.44-1-845x684.jpeg 845w\" sizes=\"auto, (max-width: 495px) 100vw, 495px\" \/><\/div><\/a><a href=\"https:\/\/controllas-cavegn.ch\/wp-content\/uploads\/2025\/09\/WhatsApp-Image-2025-09-21-at-21.45.44-2-773x1030.jpeg\" data-srcset=\"https:\/\/controllas-cavegn.ch\/wp-content\/uploads\/2025\/09\/WhatsApp-Image-2025-09-21-at-21.45.44-2-773x1030.jpeg 773w, https:\/\/controllas-cavegn.ch\/wp-content\/uploads\/2025\/09\/WhatsApp-Image-2025-09-21-at-21.45.44-2-225x300.jpeg 225w, https:\/\/controllas-cavegn.ch\/wp-content\/uploads\/2025\/09\/WhatsApp-Image-2025-09-21-at-21.45.44-2-768x1024.jpeg 768w, https:\/\/controllas-cavegn.ch\/wp-content\/uploads\/2025\/09\/WhatsApp-Image-2025-09-21-at-21.45.44-2-1152x1536.jpeg 1152w, https:\/\/controllas-cavegn.ch\/wp-content\/uploads\/2025\/09\/WhatsApp-Image-2025-09-21-at-21.45.44-2-1125x1500.jpeg 1125w, https:\/\/controllas-cavegn.ch\/wp-content\/uploads\/2025\/09\/WhatsApp-Image-2025-09-21-at-21.45.44-2-529x705.jpeg 529w, https:\/\/controllas-cavegn.ch\/wp-content\/uploads\/2025\/09\/WhatsApp-Image-2025-09-21-at-21.45.44-2.jpeg 1536w\" data-sizes=\"(max-width: 773px) 100vw, 773px\" data-rel='gallery-1' data-prev-img='https:\/\/controllas-cavegn.ch\/wp-content\/uploads\/2025\/09\/WhatsApp-Image-2025-09-21-at-21.45.44-2-495x400.jpeg' class='lightbox ' data-onclick='4' title='WhatsApp Image 2025-09-21 at 21.45.44 (2)'  itemprop=\"thumbnailUrl\"  ><img decoding=\"async\" fetchpriority=\"high\" class=\"wp-image-2197 avia-img-lazy-loading-not-2197\"   src=\"https:\/\/controllas-cavegn.ch\/wp-content\/uploads\/2025\/09\/WhatsApp-Image-2025-09-21-at-21.45.44-2-710x375.jpeg\" width=\"710\" height=\"375\"  title='WhatsApp Image 2025-09-21 at 21.45.44 (2)' alt='' \/><div class='big-prev-fake'><img decoding=\"async\" loading=\"lazy\" class=\"wp-image-2197 avia-img-lazy-loading-2197\"  width=\"495\" height=\"400\" src=\"https:\/\/controllas-cavegn.ch\/wp-content\/uploads\/2025\/09\/WhatsApp-Image-2025-09-21-at-21.45.44-2-495x400.jpeg\" title='WhatsApp Image 2025-09-21 at 21.45.44 (2)' alt='' srcset=\"https:\/\/controllas-cavegn.ch\/wp-content\/uploads\/2025\/09\/WhatsApp-Image-2025-09-21-at-21.45.44-2-495x400.jpeg 495w, https:\/\/controllas-cavegn.ch\/wp-content\/uploads\/2025\/09\/WhatsApp-Image-2025-09-21-at-21.45.44-2-845x684.jpeg 845w\" sizes=\"auto, (max-width: 495px) 100vw, 495px\" \/><\/div><\/a><a href=\"https:\/\/controllas-cavegn.ch\/wp-content\/uploads\/2025\/09\/WhatsApp-Image-2025-09-21-at-21.45.44-773x1030.jpeg\" data-srcset=\"https:\/\/controllas-cavegn.ch\/wp-content\/uploads\/2025\/09\/WhatsApp-Image-2025-09-21-at-21.45.44-773x1030.jpeg 773w, https:\/\/controllas-cavegn.ch\/wp-content\/uploads\/2025\/09\/WhatsApp-Image-2025-09-21-at-21.45.44-225x300.jpeg 225w, https:\/\/controllas-cavegn.ch\/wp-content\/uploads\/2025\/09\/WhatsApp-Image-2025-09-21-at-21.45.44-768x1024.jpeg 768w, https:\/\/controllas-cavegn.ch\/wp-content\/uploads\/2025\/09\/WhatsApp-Image-2025-09-21-at-21.45.44-1152x1536.jpeg 1152w, https:\/\/controllas-cavegn.ch\/wp-content\/uploads\/2025\/09\/WhatsApp-Image-2025-09-21-at-21.45.44-1536x2048.jpeg 1536w, https:\/\/controllas-cavegn.ch\/wp-content\/uploads\/2025\/09\/WhatsApp-Image-2025-09-21-at-21.45.44-1125x1500.jpeg 1125w, https:\/\/controllas-cavegn.ch\/wp-content\/uploads\/2025\/09\/WhatsApp-Image-2025-09-21-at-21.45.44-529x705.jpeg 529w, https:\/\/controllas-cavegn.ch\/wp-content\/uploads\/2025\/09\/WhatsApp-Image-2025-09-21-at-21.45.44-scaled.jpeg 1920w\" data-sizes=\"(max-width: 773px) 100vw, 773px\" data-rel='gallery-1' data-prev-img='https:\/\/controllas-cavegn.ch\/wp-content\/uploads\/2025\/09\/WhatsApp-Image-2025-09-21-at-21.45.44-495x400.jpeg' class='first_thumb lightbox ' data-onclick='5' title='WhatsApp Image 2025-09-21 at 21.45.44'  itemprop=\"thumbnailUrl\"  ><img decoding=\"async\" fetchpriority=\"high\" class=\"wp-image-2198 avia-img-lazy-loading-not-2198\"   src=\"https:\/\/controllas-cavegn.ch\/wp-content\/uploads\/2025\/09\/WhatsApp-Image-2025-09-21-at-21.45.44-710x375.jpeg\" width=\"710\" height=\"375\"  title='WhatsApp Image 2025-09-21 at 21.45.44' alt='' \/><div class='big-prev-fake'><img decoding=\"async\" loading=\"lazy\" class=\"wp-image-2198 avia-img-lazy-loading-2198\"  width=\"495\" height=\"400\" src=\"https:\/\/controllas-cavegn.ch\/wp-content\/uploads\/2025\/09\/WhatsApp-Image-2025-09-21-at-21.45.44-495x400.jpeg\" title='WhatsApp Image 2025-09-21 at 21.45.44' alt='' srcset=\"https:\/\/controllas-cavegn.ch\/wp-content\/uploads\/2025\/09\/WhatsApp-Image-2025-09-21-at-21.45.44-495x400.jpeg 495w, https:\/\/controllas-cavegn.ch\/wp-content\/uploads\/2025\/09\/WhatsApp-Image-2025-09-21-at-21.45.44-845x684.jpeg 845w\" sizes=\"auto, (max-width: 495px) 100vw, 495px\" \/><\/div><\/a><a href=\"https:\/\/controllas-cavegn.ch\/wp-content\/uploads\/2025\/09\/WhatsApp-Image-2025-09-21-at-21.45.45-1-1030x773.jpeg\" data-srcset=\"https:\/\/controllas-cavegn.ch\/wp-content\/uploads\/2025\/09\/WhatsApp-Image-2025-09-21-at-21.45.45-1-1030x773.jpeg 1030w, https:\/\/controllas-cavegn.ch\/wp-content\/uploads\/2025\/09\/WhatsApp-Image-2025-09-21-at-21.45.45-1-300x225.jpeg 300w, https:\/\/controllas-cavegn.ch\/wp-content\/uploads\/2025\/09\/WhatsApp-Image-2025-09-21-at-21.45.45-1-768x576.jpeg 768w, https:\/\/controllas-cavegn.ch\/wp-content\/uploads\/2025\/09\/WhatsApp-Image-2025-09-21-at-21.45.45-1-1536x1152.jpeg 1536w, https:\/\/controllas-cavegn.ch\/wp-content\/uploads\/2025\/09\/WhatsApp-Image-2025-09-21-at-21.45.45-1-2048x1536.jpeg 2048w, https:\/\/controllas-cavegn.ch\/wp-content\/uploads\/2025\/09\/WhatsApp-Image-2025-09-21-at-21.45.45-1-1500x1125.jpeg 1500w, https:\/\/controllas-cavegn.ch\/wp-content\/uploads\/2025\/09\/WhatsApp-Image-2025-09-21-at-21.45.45-1-705x529.jpeg 705w\" data-sizes=\"(max-width: 1030px) 100vw, 1030px\" data-rel='gallery-1' data-prev-img='https:\/\/controllas-cavegn.ch\/wp-content\/uploads\/2025\/09\/WhatsApp-Image-2025-09-21-at-21.45.45-1-495x400.jpeg' class='lightbox ' data-onclick='6' title='WhatsApp Image 2025-09-21 at 21.45.45 (1)'  itemprop=\"thumbnailUrl\"  ><img decoding=\"async\" fetchpriority=\"high\" class=\"wp-image-2199 avia-img-lazy-loading-not-2199\"   src=\"https:\/\/controllas-cavegn.ch\/wp-content\/uploads\/2025\/09\/WhatsApp-Image-2025-09-21-at-21.45.45-1-710x375.jpeg\" width=\"710\" height=\"375\"  title='WhatsApp Image 2025-09-21 at 21.45.45 (1)' alt='' \/><div class='big-prev-fake'><img decoding=\"async\" loading=\"lazy\" class=\"wp-image-2199 avia-img-lazy-loading-2199\"  width=\"495\" height=\"400\" src=\"https:\/\/controllas-cavegn.ch\/wp-content\/uploads\/2025\/09\/WhatsApp-Image-2025-09-21-at-21.45.45-1-495x400.jpeg\" title='WhatsApp Image 2025-09-21 at 21.45.45 (1)' alt='' srcset=\"https:\/\/controllas-cavegn.ch\/wp-content\/uploads\/2025\/09\/WhatsApp-Image-2025-09-21-at-21.45.45-1-495x400.jpeg 495w, https:\/\/controllas-cavegn.ch\/wp-content\/uploads\/2025\/09\/WhatsApp-Image-2025-09-21-at-21.45.45-1-845x684.jpeg 845w\" sizes=\"auto, (max-width: 495px) 100vw, 495px\" \/><\/div><\/a><a href=\"https:\/\/controllas-cavegn.ch\/wp-content\/uploads\/2025\/09\/WhatsApp-Image-2025-09-21-at-21.45.45-2-773x1030.jpeg\" data-srcset=\"https:\/\/controllas-cavegn.ch\/wp-content\/uploads\/2025\/09\/WhatsApp-Image-2025-09-21-at-21.45.45-2-773x1030.jpeg 773w, https:\/\/controllas-cavegn.ch\/wp-content\/uploads\/2025\/09\/WhatsApp-Image-2025-09-21-at-21.45.45-2-225x300.jpeg 225w, https:\/\/controllas-cavegn.ch\/wp-content\/uploads\/2025\/09\/WhatsApp-Image-2025-09-21-at-21.45.45-2-768x1024.jpeg 768w, https:\/\/controllas-cavegn.ch\/wp-content\/uploads\/2025\/09\/WhatsApp-Image-2025-09-21-at-21.45.45-2-1152x1536.jpeg 1152w, https:\/\/controllas-cavegn.ch\/wp-content\/uploads\/2025\/09\/WhatsApp-Image-2025-09-21-at-21.45.45-2-1536x2048.jpeg 1536w, https:\/\/controllas-cavegn.ch\/wp-content\/uploads\/2025\/09\/WhatsApp-Image-2025-09-21-at-21.45.45-2-1125x1500.jpeg 1125w, https:\/\/controllas-cavegn.ch\/wp-content\/uploads\/2025\/09\/WhatsApp-Image-2025-09-21-at-21.45.45-2-529x705.jpeg 529w, https:\/\/controllas-cavegn.ch\/wp-content\/uploads\/2025\/09\/WhatsApp-Image-2025-09-21-at-21.45.45-2-scaled.jpeg 1920w\" data-sizes=\"(max-width: 773px) 100vw, 773px\" data-rel='gallery-1' data-prev-img='https:\/\/controllas-cavegn.ch\/wp-content\/uploads\/2025\/09\/WhatsApp-Image-2025-09-21-at-21.45.45-2-495x400.jpeg' class='lightbox ' data-onclick='7' title='WhatsApp Image 2025-09-21 at 21.45.45 (2)'  itemprop=\"thumbnailUrl\"  ><img decoding=\"async\" fetchpriority=\"high\" class=\"wp-image-2200 avia-img-lazy-loading-not-2200\"   src=\"https:\/\/controllas-cavegn.ch\/wp-content\/uploads\/2025\/09\/WhatsApp-Image-2025-09-21-at-21.45.45-2-710x375.jpeg\" width=\"710\" height=\"375\"  title='WhatsApp Image 2025-09-21 at 21.45.45 (2)' alt='' \/><div class='big-prev-fake'><img decoding=\"async\" loading=\"lazy\" class=\"wp-image-2200 avia-img-lazy-loading-2200\"  width=\"495\" height=\"400\" src=\"https:\/\/controllas-cavegn.ch\/wp-content\/uploads\/2025\/09\/WhatsApp-Image-2025-09-21-at-21.45.45-2-495x400.jpeg\" title='WhatsApp Image 2025-09-21 at 21.45.45 (2)' alt='' srcset=\"https:\/\/controllas-cavegn.ch\/wp-content\/uploads\/2025\/09\/WhatsApp-Image-2025-09-21-at-21.45.45-2-495x400.jpeg 495w, https:\/\/controllas-cavegn.ch\/wp-content\/uploads\/2025\/09\/WhatsApp-Image-2025-09-21-at-21.45.45-2-845x684.jpeg 845w\" sizes=\"auto, (max-width: 495px) 100vw, 495px\" \/><\/div><\/a><a href=\"https:\/\/controllas-cavegn.ch\/wp-content\/uploads\/2025\/09\/WhatsApp-Image-2025-09-21-at-21.45.45-3-1030x773.jpeg\" data-srcset=\"https:\/\/controllas-cavegn.ch\/wp-content\/uploads\/2025\/09\/WhatsApp-Image-2025-09-21-at-21.45.45-3-1030x773.jpeg 1030w, https:\/\/controllas-cavegn.ch\/wp-content\/uploads\/2025\/09\/WhatsApp-Image-2025-09-21-at-21.45.45-3-300x225.jpeg 300w, https:\/\/controllas-cavegn.ch\/wp-content\/uploads\/2025\/09\/WhatsApp-Image-2025-09-21-at-21.45.45-3-768x576.jpeg 768w, https:\/\/controllas-cavegn.ch\/wp-content\/uploads\/2025\/09\/WhatsApp-Image-2025-09-21-at-21.45.45-3-1536x1152.jpeg 1536w, https:\/\/controllas-cavegn.ch\/wp-content\/uploads\/2025\/09\/WhatsApp-Image-2025-09-21-at-21.45.45-3-2048x1536.jpeg 2048w, https:\/\/controllas-cavegn.ch\/wp-content\/uploads\/2025\/09\/WhatsApp-Image-2025-09-21-at-21.45.45-3-1500x1125.jpeg 1500w, https:\/\/controllas-cavegn.ch\/wp-content\/uploads\/2025\/09\/WhatsApp-Image-2025-09-21-at-21.45.45-3-705x529.jpeg 705w\" data-sizes=\"(max-width: 1030px) 100vw, 1030px\" data-rel='gallery-1' data-prev-img='https:\/\/controllas-cavegn.ch\/wp-content\/uploads\/2025\/09\/WhatsApp-Image-2025-09-21-at-21.45.45-3-495x400.jpeg' class='lightbox ' data-onclick='8' title='WhatsApp Image 2025-09-21 at 21.45.45 (3)'  itemprop=\"thumbnailUrl\"  ><img decoding=\"async\" fetchpriority=\"high\" class=\"wp-image-2202 avia-img-lazy-loading-not-2202\"   src=\"https:\/\/controllas-cavegn.ch\/wp-content\/uploads\/2025\/09\/WhatsApp-Image-2025-09-21-at-21.45.45-3-710x375.jpeg\" width=\"710\" height=\"375\"  title='WhatsApp Image 2025-09-21 at 21.45.45 (3)' alt='' \/><div class='big-prev-fake'><img decoding=\"async\" loading=\"lazy\" class=\"wp-image-2202 avia-img-lazy-loading-2202\"  width=\"495\" height=\"400\" src=\"https:\/\/controllas-cavegn.ch\/wp-content\/uploads\/2025\/09\/WhatsApp-Image-2025-09-21-at-21.45.45-3-495x400.jpeg\" title='WhatsApp Image 2025-09-21 at 21.45.45 (3)' alt='' srcset=\"https:\/\/controllas-cavegn.ch\/wp-content\/uploads\/2025\/09\/WhatsApp-Image-2025-09-21-at-21.45.45-3-495x400.jpeg 495w, https:\/\/controllas-cavegn.ch\/wp-content\/uploads\/2025\/09\/WhatsApp-Image-2025-09-21-at-21.45.45-3-845x684.jpeg 845w\" sizes=\"auto, (max-width: 495px) 100vw, 495px\" \/><\/div><\/a><a href=\"https:\/\/controllas-cavegn.ch\/wp-content\/uploads\/2025\/09\/WhatsApp-Image-2025-09-21-at-21.45.45-773x1030.jpeg\" data-srcset=\"https:\/\/controllas-cavegn.ch\/wp-content\/uploads\/2025\/09\/WhatsApp-Image-2025-09-21-at-21.45.45-773x1030.jpeg 773w, https:\/\/controllas-cavegn.ch\/wp-content\/uploads\/2025\/09\/WhatsApp-Image-2025-09-21-at-21.45.45-225x300.jpeg 225w, https:\/\/controllas-cavegn.ch\/wp-content\/uploads\/2025\/09\/WhatsApp-Image-2025-09-21-at-21.45.45-768x1024.jpeg 768w, https:\/\/controllas-cavegn.ch\/wp-content\/uploads\/2025\/09\/WhatsApp-Image-2025-09-21-at-21.45.45-1152x1536.jpeg 1152w, https:\/\/controllas-cavegn.ch\/wp-content\/uploads\/2025\/09\/WhatsApp-Image-2025-09-21-at-21.45.45-1536x2048.jpeg 1536w, https:\/\/controllas-cavegn.ch\/wp-content\/uploads\/2025\/09\/WhatsApp-Image-2025-09-21-at-21.45.45-1125x1500.jpeg 1125w, https:\/\/controllas-cavegn.ch\/wp-content\/uploads\/2025\/09\/WhatsApp-Image-2025-09-21-at-21.45.45-529x705.jpeg 529w, https:\/\/controllas-cavegn.ch\/wp-content\/uploads\/2025\/09\/WhatsApp-Image-2025-09-21-at-21.45.45-scaled.jpeg 1920w\" data-sizes=\"(max-width: 773px) 100vw, 773px\" data-rel='gallery-1' data-prev-img='https:\/\/controllas-cavegn.ch\/wp-content\/uploads\/2025\/09\/WhatsApp-Image-2025-09-21-at-21.45.45-495x400.jpeg' class='first_thumb lightbox ' data-onclick='9' title='WhatsApp Image 2025-09-21 at 21.45.45'  itemprop=\"thumbnailUrl\"  ><img decoding=\"async\" fetchpriority=\"high\" class=\"wp-image-2203 avia-img-lazy-loading-not-2203\"   src=\"https:\/\/controllas-cavegn.ch\/wp-content\/uploads\/2025\/09\/WhatsApp-Image-2025-09-21-at-21.45.45-710x375.jpeg\" width=\"710\" height=\"375\"  title='WhatsApp Image 2025-09-21 at 21.45.45' alt='' \/><div class='big-prev-fake'><img decoding=\"async\" loading=\"lazy\" class=\"wp-image-2203 avia-img-lazy-loading-2203\"  width=\"495\" height=\"400\" src=\"https:\/\/controllas-cavegn.ch\/wp-content\/uploads\/2025\/09\/WhatsApp-Image-2025-09-21-at-21.45.45-495x400.jpeg\" title='WhatsApp Image 2025-09-21 at 21.45.45' alt='' srcset=\"https:\/\/controllas-cavegn.ch\/wp-content\/uploads\/2025\/09\/WhatsApp-Image-2025-09-21-at-21.45.45-495x400.jpeg 495w, https:\/\/controllas-cavegn.ch\/wp-content\/uploads\/2025\/09\/WhatsApp-Image-2025-09-21-at-21.45.45-845x684.jpeg 845w\" sizes=\"auto, (max-width: 495px) 100vw, 495px\" \/><\/div><\/a><a href=\"https:\/\/controllas-cavegn.ch\/wp-content\/uploads\/2025\/09\/WhatsApp-Image-2025-09-21-at-21.45.46-773x1030.jpeg\" data-srcset=\"https:\/\/controllas-cavegn.ch\/wp-content\/uploads\/2025\/09\/WhatsApp-Image-2025-09-21-at-21.45.46-773x1030.jpeg 773w, https:\/\/controllas-cavegn.ch\/wp-content\/uploads\/2025\/09\/WhatsApp-Image-2025-09-21-at-21.45.46-225x300.jpeg 225w, https:\/\/controllas-cavegn.ch\/wp-content\/uploads\/2025\/09\/WhatsApp-Image-2025-09-21-at-21.45.46-768x1024.jpeg 768w, https:\/\/controllas-cavegn.ch\/wp-content\/uploads\/2025\/09\/WhatsApp-Image-2025-09-21-at-21.45.46-1152x1536.jpeg 1152w, https:\/\/controllas-cavegn.ch\/wp-content\/uploads\/2025\/09\/WhatsApp-Image-2025-09-21-at-21.45.46-1536x2048.jpeg 1536w, https:\/\/controllas-cavegn.ch\/wp-content\/uploads\/2025\/09\/WhatsApp-Image-2025-09-21-at-21.45.46-1125x1500.jpeg 1125w, https:\/\/controllas-cavegn.ch\/wp-content\/uploads\/2025\/09\/WhatsApp-Image-2025-09-21-at-21.45.46-529x705.jpeg 529w, https:\/\/controllas-cavegn.ch\/wp-content\/uploads\/2025\/09\/WhatsApp-Image-2025-09-21-at-21.45.46-scaled.jpeg 1920w\" data-sizes=\"(max-width: 773px) 100vw, 773px\" data-rel='gallery-1' data-prev-img='https:\/\/controllas-cavegn.ch\/wp-content\/uploads\/2025\/09\/WhatsApp-Image-2025-09-21-at-21.45.46-495x400.jpeg' class='lightbox ' data-onclick='10' title='WhatsApp Image 2025-09-21 at 21.45.46'  itemprop=\"thumbnailUrl\"  ><img decoding=\"async\" fetchpriority=\"high\" class=\"wp-image-2204 avia-img-lazy-loading-not-2204\"   src=\"https:\/\/controllas-cavegn.ch\/wp-content\/uploads\/2025\/09\/WhatsApp-Image-2025-09-21-at-21.45.46-710x375.jpeg\" width=\"710\" height=\"375\"  title='WhatsApp Image 2025-09-21 at 21.45.46' alt='' \/><div class='big-prev-fake'><img decoding=\"async\" loading=\"lazy\" class=\"wp-image-2204 avia-img-lazy-loading-2204\"  width=\"495\" height=\"400\" src=\"https:\/\/controllas-cavegn.ch\/wp-content\/uploads\/2025\/09\/WhatsApp-Image-2025-09-21-at-21.45.46-495x400.jpeg\" title='WhatsApp Image 2025-09-21 at 21.45.46' alt='' srcset=\"https:\/\/controllas-cavegn.ch\/wp-content\/uploads\/2025\/09\/WhatsApp-Image-2025-09-21-at-21.45.46-495x400.jpeg 495w, https:\/\/controllas-cavegn.ch\/wp-content\/uploads\/2025\/09\/WhatsApp-Image-2025-09-21-at-21.45.46-845x684.jpeg 845w\" sizes=\"auto, (max-width: 495px) 100vw, 495px\" \/><\/div><\/a><\/div><\/div><\/p><\/div>\n","protected":false},"excerpt":{"rendered":"","protected":false},"author":1,"featured_media":0,"parent":0,"menu_order":0,"comment_status":"closed","ping_status":"closed","template":"","meta":{"footnotes":""},"class_list":["post-2189","page","type-page","status-publish","hentry"],"_links":{"self":[{"href":"https:\/\/controllas-cavegn.ch\/index.php?rest_route=\/wp\/v2\/pages\/2189","targetHints":{"allow":["GET"]}}],"collection":[{"href":"https:\/\/controllas-cavegn.ch\/index.php?rest_route=\/wp\/v2\/pages"}],"about":[{"href":"https:\/\/controllas-cavegn.ch\/index.php?rest_route=\/wp\/v2\/types\/page"}],"author":[{"embeddable":true,"href":"https:\/\/controllas-cavegn.ch\/index.php?rest_route=\/wp\/v2\/users\/1"}],"replies":[{"embeddable":true,"href":"https:\/\/controllas-cavegn.ch\/index.php?rest_route=%2Fwp%2Fv2%2Fcomments&post=2189"}],"version-history":[{"count":9,"href":"https:\/\/controllas-cavegn.ch\/index.php?rest_route=\/wp\/v2\/pages\/2189\/revisions"}],"predecessor-version":[{"id":2210,"href":"https:\/\/controllas-cavegn.ch\/index.php?rest_route=\/wp\/v2\/pages\/2189\/revisions\/2210"}],"wp:attachment":[{"href":"https:\/\/controllas-cavegn.ch\/index.php?rest_route=%2Fwp%2Fv2%2Fmedia&parent=2189"}],"curies":[{"name":"wp","href":"https:\/\/api.w.org\/{rel}","templated":true}]}}